{"id":71,"date":"2024-06-06T00:06:35","date_gmt":"2024-06-06T00:06:35","guid":{"rendered":"https:\/\/www.rentablesrd.com\/spa\/?page_id=71"},"modified":"2024-08-08T03:40:46","modified_gmt":"2024-08-08T03:40:46","slug":"nails","status":"publish","type":"page","link":"https:\/\/www.rentablesrd.com\/spa\/nails\/","title":{"rendered":""},"content":{"rendered":"\n<div class=\"wp-block-group alignfull has-global-padding is-layout-constrained wp-container-core-group-is-layout-dc093ab1 wp-block-group-is-layout-constrained\" style=\"margin-top:0px;padding-top:var(--wp--preset--spacing--x-large);padding-right:30px;padding-bottom:var(--wp--preset--spacing--small);padding-left:30px\">\n<h2 class=\"wp-block-heading has-text-align-center has-max-48-font-size\" id=\"let-s-connect\" style=\"margin-bottom:20px\">Escoge tu paquete ideal <\/h2>\n\n\n\n<p class=\"has-text-align-center\">Manicure &amp; Pedicure<\/p>\n<\/div>\n\n\n\n<div class=\"wp-block-group alignwide is-layout-flow wp-block-group-is-layout-flow\">\n<div class=\"wp-block-columns is-layout-flex wp-container-core-columns-is-layout-28f84493 wp-block-columns-is-layout-flex\">\n<div class=\"wp-block-column has-border-color has-contrast-border-color is-layout-flow wp-block-column-is-layout-flow\" style=\"border-width:1px;padding-top:var(--wp--preset--spacing--small);padding-right:var(--wp--preset--spacing--small);padding-bottom:var(--wp--preset--spacing--small);padding-left:var(--wp--preset--spacing--small)\">\n<div class=\"wp-block-group has-global-padding is-layout-constrained wp-container-core-group-is-layout-19e250f3 wp-block-group-is-layout-constrained\">\n<p class=\"has-text-align-center has-small-font-size\" style=\"line-height:1.5\">B\u00e1sico<\/p>\n\n\n\n<p class=\"has-text-align-center has-max-36-font-size\" style=\"font-style:normal;font-weight:500\">$700\/ni\u00f1a<\/p>\n<\/div>\n\n\n\n<div class=\"wp-block-group has-global-padding is-layout-constrained wp-container-core-group-is-layout-334a2726 wp-block-group-is-layout-constrained\">\n<p class=\"has-text-align-center has-small-font-size\">Manicura para ni\u00f1as<\/p>\n\n\n\n<hr class=\"wp-block-separator has-text-color has-contrast-color has-alpha-channel-opacity has-contrast-background-color has-background has-background-color has-base-background-color is-style-wide\"\/>\n\n\n\n<p class=\"has-text-align-center has-small-font-size\">Pedicura para ni\u00f1as<\/p>\n\n\n\n<hr class=\"wp-block-separator has-text-color has-contrast-color has-alpha-channel-opacity has-contrast-background-color has-background has-background-color has-base-background-color is-style-wide\"\/>\n\n\n\n<p class=\"has-text-align-center has-small-font-size\">N\/A<\/p>\n\n\n\n<hr class=\"wp-block-separator has-text-color has-contrast-color has-alpha-channel-opacity has-contrast-background-color has-background has-background-color has-base-background-color is-style-wide\"\/>\n\n\n\n<p class=\"has-text-align-center has-small-font-size\">N\/A<\/p>\n\n\n\n<hr class=\"wp-block-separator has-text-color has-contrast-color has-alpha-channel-opacity has-contrast-background-color has-background has-background-color has-base-background-color is-style-wide\"\/>\n\n\n\n<p class=\"has-text-align-center has-small-font-size\">N\/A<\/p>\n\n\n\n<hr class=\"wp-block-separator has-text-color has-contrast-color has-alpha-channel-opacity has-contrast-background-color has-background has-background-color has-base-background-color is-style-wide\"\/>\n<\/div>\n\n\n\n<div class=\"wp-block-buttons is-layout-flex wp-block-buttons-is-layout-flex\" style=\"margin-top:var(--wp--preset--spacing--small)\">\n<div class=\"wp-block-button has-custom-width wp-block-button__width-100\"><a class=\"wp-block-button__link wp-element-button\">20 ni\u00f1as minimo<\/a><\/div>\n<\/div>\n<\/div>\n\n\n\n<div class=\"wp-block-column has-border-color has-contrast-border-color is-layout-flow wp-block-column-is-layout-flow\" style=\"border-width:1px;padding-top:var(--wp--preset--spacing--small);padding-right:var(--wp--preset--spacing--small);padding-bottom:var(--wp--preset--spacing--small);padding-left:var(--wp--preset--spacing--small)\">\n<div class=\"wp-block-group has-global-padding is-layout-constrained wp-container-core-group-is-layout-19e250f3 wp-block-group-is-layout-constrained\">\n<p class=\"has-text-align-center has-small-font-size\" style=\"line-height:1.5\">Medio<\/p>\n\n\n\n<p class=\"has-text-align-center has-max-36-font-size\" style=\"font-style:normal;font-weight:500\">$800\/ni\u00f1a<\/p>\n<\/div>\n\n\n\n<div class=\"wp-block-group has-global-padding is-layout-constrained wp-container-core-group-is-layout-334a2726 wp-block-group-is-layout-constrained\">\n<p class=\"has-text-align-center has-small-font-size\">Manicura para ni\u00f1as<\/p>\n\n\n\n<hr class=\"wp-block-separator has-text-color has-contrast-color has-alpha-channel-opacity has-contrast-background-color has-background has-background-color has-base-background-color is-style-wide\"\/>\n\n\n\n<p class=\"has-text-align-center has-small-font-size\">Pedicura para ni\u00f1as<\/p>\n\n\n\n<hr class=\"wp-block-separator has-text-color has-contrast-color has-alpha-channel-opacity has-contrast-background-color has-background has-background-color has-base-background-color is-style-wide\"\/>\n\n\n\n<p class=\"has-text-align-center has-small-font-size\">Bata de spa<\/p>\n\n\n\n<hr class=\"wp-block-separator has-text-color has-contrast-color has-alpha-channel-opacity has-contrast-background-color has-background has-background-color has-base-background-color is-style-wide\"\/>\n\n\n\n<p class=\"has-text-align-center has-small-font-size\">Bebida de Bienvenida<\/p>\n\n\n\n<hr class=\"wp-block-separator has-text-color has-contrast-color has-alpha-channel-opacity has-contrast-background-color has-background has-background-color has-base-background-color is-style-wide\"\/>\n\n\n\n<p class=\"has-text-align-center has-small-font-size\">N\/A<\/p>\n\n\n\n<hr class=\"wp-block-separator has-text-color has-contrast-color has-alpha-channel-opacity has-contrast-background-color has-background has-background-color has-base-background-color is-style-wide\"\/>\n<\/div>\n\n\n\n<div class=\"wp-block-buttons is-layout-flex wp-block-buttons-is-layout-flex\" style=\"margin-top:var(--wp--preset--spacing--small)\">\n<div class=\"wp-block-button has-custom-width wp-block-button__width-100\"><a class=\"wp-block-button__link wp-element-button\">15 ni\u00f1as minimo<\/a><\/div>\n<\/div>\n<\/div>\n\n\n\n<div class=\"wp-block-column has-border-color has-contrast-border-color is-layout-flow wp-block-column-is-layout-flow\" style=\"border-width:1px;padding-top:var(--wp--preset--spacing--small);padding-right:var(--wp--preset--spacing--small);padding-bottom:var(--wp--preset--spacing--small);padding-left:var(--wp--preset--spacing--small)\">\n<div class=\"wp-block-group has-global-padding is-layout-constrained wp-container-core-group-is-layout-19e250f3 wp-block-group-is-layout-constrained\">\n<p class=\"has-text-align-center has-small-font-size\" style=\"line-height:1.5\">Full<\/p>\n\n\n\n<p class=\"has-text-align-center has-max-36-font-size\" style=\"font-style:normal;font-weight:500\">$999\/Persona<\/p>\n<\/div>\n\n\n\n<div class=\"wp-block-group has-global-padding is-layout-constrained wp-container-core-group-is-layout-334a2726 wp-block-group-is-layout-constrained\">\n<p class=\"has-text-align-center has-small-font-size\">Manicura para ni\u00f1as &amp; mam\u00e1s<\/p>\n\n\n\n<hr class=\"wp-block-separator has-text-color has-contrast-color has-alpha-channel-opacity has-contrast-background-color has-background has-background-color has-base-background-color is-style-wide\"\/>\n\n\n\n<p class=\"has-text-align-center has-small-font-size\">Pedicura para ni\u00f1as &amp; mam\u00e1s<\/p>\n\n\n\n<hr class=\"wp-block-separator has-text-color has-contrast-color has-alpha-channel-opacity has-contrast-background-color has-background has-background-color has-base-background-color is-style-wide\"\/>\n\n\n\n<p class=\"has-text-align-center has-small-font-size\">Bata de spa &amp; Mascarilla<\/p>\n\n\n\n<hr class=\"wp-block-separator has-text-color has-contrast-color has-alpha-channel-opacity has-contrast-background-color has-background has-background-color has-base-background-color is-style-wide\"\/>\n\n\n\n<p class=\"has-text-align-center has-small-font-size\">Bebida de Bienvenida<\/p>\n\n\n\n<hr class=\"wp-block-separator has-text-color has-contrast-color has-alpha-channel-opacity has-contrast-background-color has-background has-background-color has-base-background-color is-style-wide\"\/>\n\n\n\n<p class=\"has-text-align-center has-small-font-size\">Snacks<\/p>\n\n\n\n<hr class=\"wp-block-separator has-text-color has-contrast-color has-alpha-channel-opacity has-contrast-background-color has-background has-background-color has-base-background-color is-style-wide\"\/>\n<\/div>\n\n\n\n<div class=\"wp-block-buttons is-layout-flex wp-block-buttons-is-layout-flex\" style=\"margin-top:var(--wp--preset--spacing--small)\">\n<div class=\"wp-block-button has-custom-width wp-block-button__width-100\"><a class=\"wp-block-button__link wp-element-button\">12 Personas minima<\/a><\/div>\n<\/div>\n<\/div>\n<\/div>\n<\/div>\n\n\n\n<div class=\"wp-block-group has-global-padding is-layout-constrained wp-block-group-is-layout-constrained\"><\/div>\n\n\n\n<div class=\"wp-block-group has-global-padding is-layout-constrained wp-block-group-is-layout-constrained\">\n<div class=\"wp-block-group has-base-color has-contrast-background-color has-text-color has-background is-layout-flow wp-block-group-is-layout-flow\" style=\"margin-top:0;padding-top:var(--wp--preset--spacing--medium);padding-right:var(--wp--preset--spacing--medium);padding-bottom:var(--wp--preset--spacing--medium);padding-left:var(--wp--preset--spacing--medium)\">\n<h2 class=\"wp-block-heading has-text-align-center has-x-large-font-size\">VIVE  LA  EXPERIENCIA COMPLETA<\/h2>\n\n\n\n<p class=\"has-text-align-center\" style=\"line-height:1.5\">Peque\u00f1as Celebraciones, Grandes Lecciones de Autocuidado<\/p>\n\n\n\n<div class=\"wp-block-buttons is-content-justification-center is-layout-flex wp-container-core-buttons-is-layout-a89b3969 wp-block-buttons-is-layout-flex\">\n<div class=\"wp-block-button has-custom-font-size has-small-font-size\"><a class=\"wp-block-button__link wp-element-button\" href=\"https:\/\/wa.me\/18097173399?text=Quiero%20reservar%20la%20experiencia%20completa%20de%20su%20SPA%20a%20domicilio\" style=\"padding-top:var(--wp--preset--spacing--x-small);padding-right:var(--wp--preset--spacing--medium);padding-bottom:var(--wp--preset--spacing--x-small);padding-left:var(--wp--preset--spacing--medium)\">Reserva la Experiencia Completa<\/a><\/div>\n<\/div>\n<\/div>\n<\/div>\n","protected":false},"excerpt":{"rendered":"<p>Escoge tu paquete ideal Manicure &amp; Pedicure B\u00e1sico $700\/ni\u00f1a Manicura para ni\u00f1as Pedicura para ni\u00f1as N\/A N\/A N\/A Medio $800\/ni\u00f1a Manicura para ni\u00f1as Pedicura para ni\u00f1as Bata de spa Bebida de Bienvenida N\/A Full $999\/Persona Manicura para ni\u00f1as &amp; mam\u00e1s Pedicura para ni\u00f1as &amp; mam\u00e1s Bata de spa &amp; Mascarilla Bebida de Bienvenida Snacks VIVE [&hellip;]<\/p>\n","protected":false},"author":1,"featured_media":0,"parent":0,"menu_order":0,"comment_status":"closed","ping_status":"closed","template":"","meta":{"footnotes":""},"class_list":["post-71","page","type-page","status-publish","hentry"],"_links":{"self":[{"href":"https:\/\/www.rentablesrd.com\/spa\/wp-json\/wp\/v2\/pages\/71","targetHints":{"allow":["GET"]}}],"collection":[{"href":"https:\/\/www.rentablesrd.com\/spa\/wp-json\/wp\/v2\/pages"}],"about":[{"href":"https:\/\/www.rentablesrd.com\/spa\/wp-json\/wp\/v2\/types\/page"}],"author":[{"embeddable":true,"href":"https:\/\/www.rentablesrd.com\/spa\/wp-json\/wp\/v2\/users\/1"}],"replies":[{"embeddable":true,"href":"https:\/\/www.rentablesrd.com\/spa\/wp-json\/wp\/v2\/comments?post=71"}],"version-history":[{"count":11,"href":"https:\/\/www.rentablesrd.com\/spa\/wp-json\/wp\/v2\/pages\/71\/revisions"}],"predecessor-version":[{"id":196,"href":"https:\/\/www.rentablesrd.com\/spa\/wp-json\/wp\/v2\/pages\/71\/revisions\/196"}],"wp:attachment":[{"href":"https:\/\/www.rentablesrd.com\/spa\/wp-json\/wp\/v2\/media?parent=71"}],"curies":[{"name":"wp","href":"https:\/\/api.w.org\/{rel}","templated":true}]}}