{"id":88,"date":"2024-06-06T02:15:43","date_gmt":"2024-06-06T02:15:43","guid":{"rendered":"https:\/\/www.rentablesrd.com\/spa\/?page_id=88"},"modified":"2024-08-08T15:17:08","modified_gmt":"2024-08-08T15:17:08","slug":"bienvenida","status":"publish","type":"page","link":"https:\/\/www.rentablesrd.com\/spa\/bienvenida\/","title":{"rendered":"Bienvenida y Ambientaci\u00f3n"},"content":{"rendered":"\n<div class=\"wp-block-group alignfull welcome has-global-padding is-layout-constrained wp-container-core-group-is-layout-85993dcc wp-block-group-is-layout-constrained\" style=\"margin-top:0px;padding-top:70px;padding-right:30px;padding-bottom:var(--wp--preset--spacing--x-large);padding-left:30px\">\n<h2 class=\"wp-block-heading has-text-align-center has-max-72-font-size\" style=\"margin-bottom:0px;letter-spacing:-1px\">Bienvenida<\/h2>\n\n\n\n<p class=\"has-text-align-center has-large-font-size\">Transformamos tus eventos en experiencias m\u00e1gicas que tu hija jam\u00e1s olvidar\u00e1. Imagina su carita de felicidad al entrar en un mundo de princesas y unicornios, rodeada de flores frescas, luces suaves y m\u00fasica encantadora.<\/p>\n\n\n\n<div class=\"wp-block-buttons is-content-justification-center is-layout-flex wp-container-core-buttons-is-layout-72315a37 wp-block-buttons-is-layout-flex\" style=\"margin-top:30px\">\n<div class=\"wp-block-button has-custom-font-size has-small-font-size\"><a class=\"wp-block-button__link wp-element-button\">Reserva<\/a><\/div>\n\n\n\n<div class=\"wp-block-button has-custom-font-size is-style-outline-background is-style-outline has-small-font-size is-style-outline--1\"><a class=\"wp-block-button__link wp-element-button\" href=\"https:\/\/forms.gle\/uBdeTp4QYHXMu34GA\">Chat <\/a><\/div>\n<\/div>\n<\/div>\n\n\n\n<div class=\"wp-block-group alignfull has-base-color has-contrast-background-color has-text-color has-background has-global-padding is-layout-constrained wp-container-core-group-is-layout-2a0966ce wp-block-group-is-layout-constrained\" style=\"margin-top:0;padding-top:var(--wp--preset--spacing--x-large);padding-right:30px;padding-bottom:var(--wp--preset--spacing--x-large);padding-left:30px\">\n<div class=\"wp-block-columns alignwide are-vertically-aligned-center is-style-columns-reverse is-layout-flex wp-container-core-columns-is-layout-28f84493 wp-block-columns-is-layout-flex\">\n<div class=\"wp-block-column is-vertically-aligned-center is-layout-flow wp-block-column-is-layout-flow\">\n<div class=\"wp-block-group has-global-padding is-content-justification-left is-layout-constrained wp-container-core-group-is-layout-67883db5 wp-block-group-is-layout-constrained\">\n<h2 class=\"wp-block-heading has-max-36-font-size\" id=\"text-on-left-image-on-right\">Decoraciones<\/h2>\n\n\n\n<p>Nuestro servicio de decoraci\u00f3n tem\u00e1tica transforma cualquier espacio en un escenario m\u00e1gico, ya sea de princesas, unicornios o cualquier tem\u00e1tica que desee. Con una atenci\u00f3n meticulosa a cada detalle, creamos un ambiente \u00fanico y especial que har\u00e1 que su d\u00eda sea inolvidable. Hacemos realidad los sue\u00f1os de tu hija, creando recuerdos que atesorar\u00e1 para siempre.<\/p>\n\n\n\n<div class=\"wp-block-buttons is-layout-flex wp-block-buttons-is-layout-flex\">\n<div class=\"wp-block-button\"><a class=\"wp-block-button__link has-base-color has-text-color wp-element-button\" href=\"http:\/\/fiesta.do\/spa\">Ver m\u00e1s \u2192<\/a><\/div>\n<\/div>\n<\/div>\n<\/div>\n\n\n\n<div class=\"wp-block-column is-vertically-aligned-center is-layout-flow wp-block-column-is-layout-flow\">\n<figure class=\"wp-block-image size-full\"><img loading=\"lazy\" decoding=\"async\" width=\"1080\" height=\"1080\" src=\"https:\/\/www.rentablesrd.com\/spa\/wp-content\/uploads\/2024\/05\/Diseno-sin-titulo-17.jpg\" alt=\"\" class=\"wp-image-170\" srcset=\"https:\/\/www.rentablesrd.com\/spa\/wp-content\/uploads\/2024\/05\/Diseno-sin-titulo-17.jpg 1080w, https:\/\/www.rentablesrd.com\/spa\/wp-content\/uploads\/2024\/05\/Diseno-sin-titulo-17-300x300.jpg 300w, https:\/\/www.rentablesrd.com\/spa\/wp-content\/uploads\/2024\/05\/Diseno-sin-titulo-17-1024x1024.jpg 1024w, https:\/\/www.rentablesrd.com\/spa\/wp-content\/uploads\/2024\/05\/Diseno-sin-titulo-17-150x150.jpg 150w, https:\/\/www.rentablesrd.com\/spa\/wp-content\/uploads\/2024\/05\/Diseno-sin-titulo-17-768x768.jpg 768w\" sizes=\"auto, (max-width: 1080px) 100vw, 1080px\" \/><\/figure>\n<\/div>\n<\/div>\n<\/div>\n\n\n\n<div class=\"wp-block-group alignfull has-global-padding is-layout-constrained wp-container-core-group-is-layout-f5a93283 wp-block-group-is-layout-constrained\" id=\"features\" style=\"margin-top:0;padding-top:var(--wp--preset--spacing--x-large);padding-right:30px;padding-bottom:var(--wp--preset--spacing--x-large);padding-left:30px\">\n<div class=\"wp-block-group has-global-padding is-layout-constrained wp-container-core-group-is-layout-963a3989 wp-block-group-is-layout-constrained\" style=\"padding-bottom:var(--wp--preset--spacing--large)\">\n<h2 class=\"wp-block-heading has-text-align-center has-max-60-font-size\" id=\"text-on-left-image-on-right\" style=\"letter-spacing:-1px\">Bebidas de Bienvenida<\/h2>\n\n\n\n<p class=\"has-text-align-center\" style=\"line-height:1.5\">Recibir un c\u00f3ctel de bienvenida en su d\u00eda de spa provocar\u00eda en los ni\u00f1os una sensaci\u00f3n de emoci\u00f3n y exclusividad, haci\u00e9ndolos sentir especiales y celebrados desde el inicio, y creando una experiencia a\u00fan m\u00e1s m\u00e1gica y memorable<\/p>\n<\/div>\n\n\n\n<div class=\"wp-block-columns are-vertically-aligned-center is-layout-flex wp-container-core-columns-is-layout-c49eba25 wp-block-columns-is-layout-flex\" style=\"margin-bottom:var(--wp--preset--spacing--large)\">\n<div class=\"wp-block-column is-vertically-aligned-center is-layout-flow wp-block-column-is-layout-flow\">\n<figure class=\"wp-block-image size-full\"><img loading=\"lazy\" decoding=\"async\" width=\"1080\" height=\"1080\" src=\"https:\/\/www.rentablesrd.com\/spa\/wp-content\/uploads\/2024\/08\/Limonada-Rosa-Espumosa-cuadrada-3.png\" alt=\"\" class=\"wp-image-182\" srcset=\"https:\/\/www.rentablesrd.com\/spa\/wp-content\/uploads\/2024\/08\/Limonada-Rosa-Espumosa-cuadrada-3.png 1080w, https:\/\/www.rentablesrd.com\/spa\/wp-content\/uploads\/2024\/08\/Limonada-Rosa-Espumosa-cuadrada-3-300x300.png 300w, https:\/\/www.rentablesrd.com\/spa\/wp-content\/uploads\/2024\/08\/Limonada-Rosa-Espumosa-cuadrada-3-1024x1024.png 1024w, https:\/\/www.rentablesrd.com\/spa\/wp-content\/uploads\/2024\/08\/Limonada-Rosa-Espumosa-cuadrada-3-150x150.png 150w, https:\/\/www.rentablesrd.com\/spa\/wp-content\/uploads\/2024\/08\/Limonada-Rosa-Espumosa-cuadrada-3-768x768.png 768w\" sizes=\"auto, (max-width: 1080px) 100vw, 1080px\" \/><\/figure>\n<\/div>\n\n\n\n<div class=\"wp-block-column is-vertically-aligned-center is-layout-flow wp-block-column-is-layout-flow\">\n<h2 class=\"wp-block-heading has-x-large-font-size\"><strong>Limonada Rosa Espumosa<\/strong><\/h2>\n\n\n\n<p>Una refrescante limonada con un toque de ar\u00e1ndano y burbujas, perfecta para la experiencia de spa con una explosi\u00f3n de frescura.<\/p>\n\n\n\n<p><strong>Ingredientes:<\/strong> Limonada, jugo de ar\u00e1ndanos, soda de lim\u00f3n, rodajas de lim\u00f3n.<\/p>\n<\/div>\n<\/div>\n\n\n\n<div class=\"wp-block-columns is-style-columns-reverse is-layout-flex wp-container-core-columns-is-layout-c49eba25 wp-block-columns-is-layout-flex\" style=\"margin-bottom:var(--wp--preset--spacing--large)\">\n<div class=\"wp-block-column is-vertically-aligned-center is-layout-flow wp-block-column-is-layout-flow\">\n<h2 class=\"wp-block-heading has-text-align-right has-x-large-font-size\"><strong><br><br><br> Agua<br>     Fresca de Sand\u00eda y Menta<\/strong><br><\/h2>\n\n\n\n<p class=\"has-text-align-right\">Una bebida refrescante y ligera, perfecta para calmar la sed y a\u00f1adir un toque de frescura y color a la experiencia de spa. Sand\u00eda triturada, agua, hojas de menta, jugo de lim\u00f3n.<\/p>\n\n\n\n<p class=\"has-text-align-right\"><strong>Ingredientes:<\/strong> Sand\u00eda triturada, agua, hojas de menta, jugo de lim\u00f3n.<\/p>\n<\/div>\n\n\n\n<div class=\"wp-block-column is-layout-flow wp-block-column-is-layout-flow\">\n<figure class=\"wp-block-image size-full\"><img loading=\"lazy\" decoding=\"async\" width=\"580\" height=\"668\" src=\"https:\/\/www.rentablesrd.com\/spa\/wp-content\/uploads\/2024\/08\/Agua-Fresca-de-Sandia-y-Menta.webp\" alt=\"\" class=\"wp-image-186\" srcset=\"https:\/\/www.rentablesrd.com\/spa\/wp-content\/uploads\/2024\/08\/Agua-Fresca-de-Sandia-y-Menta.webp 580w, https:\/\/www.rentablesrd.com\/spa\/wp-content\/uploads\/2024\/08\/Agua-Fresca-de-Sandia-y-Menta-260x300.webp 260w\" sizes=\"auto, (max-width: 580px) 100vw, 580px\" \/><\/figure>\n<\/div>\n<\/div>\n\n\n\n<div class=\"wp-block-columns is-layout-flex wp-container-core-columns-is-layout-de87d07d wp-block-columns-is-layout-flex\" style=\"padding-top:0;padding-right:0;padding-bottom:0;padding-left:0\">\n<div class=\"wp-block-column is-layout-flow wp-block-column-is-layout-flow\">\n<figure class=\"wp-block-image size-full\"><img loading=\"lazy\" decoding=\"async\" width=\"1080\" height=\"1080\" src=\"https:\/\/www.rentablesrd.com\/spa\/wp-content\/uploads\/2024\/08\/Coctel-de-Frutas-Tropicales.png\" alt=\"\" class=\"wp-image-185\" srcset=\"https:\/\/www.rentablesrd.com\/spa\/wp-content\/uploads\/2024\/08\/Coctel-de-Frutas-Tropicales.png 1080w, https:\/\/www.rentablesrd.com\/spa\/wp-content\/uploads\/2024\/08\/Coctel-de-Frutas-Tropicales-300x300.png 300w, https:\/\/www.rentablesrd.com\/spa\/wp-content\/uploads\/2024\/08\/Coctel-de-Frutas-Tropicales-1024x1024.png 1024w, https:\/\/www.rentablesrd.com\/spa\/wp-content\/uploads\/2024\/08\/Coctel-de-Frutas-Tropicales-150x150.png 150w, https:\/\/www.rentablesrd.com\/spa\/wp-content\/uploads\/2024\/08\/Coctel-de-Frutas-Tropicales-768x768.png 768w\" sizes=\"auto, (max-width: 1080px) 100vw, 1080px\" \/><\/figure>\n<\/div>\n\n\n\n<div class=\"wp-block-column is-vertically-aligned-center is-layout-flow wp-block-column-is-layout-flow\">\n<h2 class=\"wp-block-heading has-x-large-font-size\"><strong>C\u00f3ctel de Frutas Tropicales<\/strong><\/h2>\n\n\n\n<p>Un c\u00f3ctel ex\u00f3tico que transporta a un para\u00edso tropical, lleno de sabores frutales y colores vibrantes. Jugo de pi\u00f1a, jugo de naranja, jugo de mango, trozos de frutas tropicales.<\/p>\n\n\n\n<p><strong>Ingredientes:<\/strong> Jugo de pi\u00f1a, jugo de naranja, jugo de mango, trozos de frutas tropicales.<\/p>\n<\/div>\n<\/div>\n<\/div>\n\n\n\n<div class=\"wp-block-group alignwide has-global-padding is-layout-constrained wp-block-group-is-layout-constrained\" style=\"margin-top:0;padding-bottom:var(--wp--preset--spacing--large)\">\n<div class=\"wp-block-group has-global-padding is-layout-constrained wp-block-group-is-layout-constrained\">\n<h2 class=\"wp-block-heading has-text-align-center has-max-48-font-size\" id=\"block-patterns\" style=\"margin-bottom:0px\">Otras Bebidas<\/h2>\n\n\n\n<p class=\"has-text-align-center\" style=\"margin-bottom:var(--wp--preset--spacing--medium)\">Acompa\u00f1ando los snacks, ofrecemos una variedad de bebidas refrescantes y sin alcohol, como limonada rosa, c\u00f3cteles de frutas tropicales y t\u00e9 helado de hibisco con miel. Estas bebidas no solo son deliciosas, sino que tambi\u00e9n a\u00f1aden un toque de color y diversi\u00f3n a la experiencia.<\/p>\n<\/div>\n\n\n\n<div class=\"wp-block-group has-global-padding is-layout-constrained wp-container-core-group-is-layout-334a2726 wp-block-group-is-layout-constrained\">\n<p class=\"has-text-align-center\"><strong>Limonada Rosa Espumosa<\/strong><\/p>\n\n\n\n<p class=\"has-text-align-center\">Una refrescante limonada con un toque de ar\u00e1ndano y burbujas, perfecta para la experiencia de spa con una explosi\u00f3n de frescura.<\/p>\n<\/div>\n\n\n\n<hr class=\"wp-block-separator has-text-color has-neutral-color has-alpha-channel-opacity has-neutral-background-color has-background is-style-wide\"\/>\n\n\n\n<div class=\"wp-block-group has-global-padding is-layout-constrained wp-container-core-group-is-layout-334a2726 wp-block-group-is-layout-constrained\">\n<p class=\"has-text-align-center\"><strong>C\u00f3ctel de Frutas Tropicales<\/strong><\/p>\n\n\n\n<p class=\"has-text-align-center\">Un c\u00f3ctel ex\u00f3tico que transporta a un para\u00edso tropical, lleno de sabores frutales y colores vibrantes. Jugo de pi\u00f1a, jugo de naranja, jugo de mango, trozos de frutas tropicales.<\/p>\n<\/div>\n\n\n\n<hr class=\"wp-block-separator has-text-color has-neutral-color has-alpha-channel-opacity has-neutral-background-color has-background is-style-wide\"\/>\n\n\n\n<div class=\"wp-block-group has-global-padding is-layout-constrained wp-container-core-group-is-layout-334a2726 wp-block-group-is-layout-constrained\">\n<p class=\"has-text-align-center\"><strong>Mocktail de Mojito de Fresa<\/strong><\/p>\n\n\n\n<p class=\"has-text-align-center\">Un toque refrescante y afrutado del cl\u00e1sico mojito, sin alcohol, con el dulzor natural de las fresas y la frescura de la menta.<\/p>\n<\/div>\n\n\n\n<hr class=\"wp-block-separator has-text-color has-neutral-color has-alpha-channel-opacity has-neutral-background-color has-background is-style-wide\"\/>\n\n\n\n<div class=\"wp-block-group has-global-padding is-layout-constrained wp-container-core-group-is-layout-334a2726 wp-block-group-is-layout-constrained\">\n<p class=\"has-text-align-center\"><strong>Batido de Unicornio<\/strong><\/p>\n\n\n\n<p class=\"has-text-align-center\">Un batido m\u00e1gico y cremoso que encantar\u00e1 a las ni\u00f1as con sus colores vivos y sabor delicioso, inspirando la fantas\u00eda y la diversi\u00f3n. Yogur de vainilla, jugo de ar\u00e1ndanos, leche, pur\u00e9 de pl\u00e1tano, Crema batida y chispas de colores.<\/p>\n<\/div>\n\n\n\n<hr class=\"wp-block-separator has-text-color has-neutral-color has-alpha-channel-opacity has-neutral-background-color has-background is-style-wide\"\/>\n\n\n\n<div class=\"wp-block-group has-global-padding is-layout-constrained wp-container-core-group-is-layout-334a2726 wp-block-group-is-layout-constrained\">\n<p class=\"has-text-align-center\"><strong>Agua de Coco con Toque de Menta<\/strong><\/p>\n\n\n\n<p class=\"has-text-align-center\">Una bebida hidratante y refrescante, ideal para una experiencia de spa relajante y revitalizante. Agua de coco, hojas de menta fresca, hielo, rodajas de lima.<\/p>\n<\/div>\n\n\n\n<hr class=\"wp-block-separator has-text-color has-neutral-color has-alpha-channel-opacity has-neutral-background-color has-background is-style-wide\"\/>\n\n\n\n<div class=\"wp-block-group has-global-padding is-layout-constrained wp-container-core-group-is-layout-334a2726 wp-block-group-is-layout-constrained\">\n<p class=\"has-text-align-center\"><strong>Sangr\u00eda Infantil de Manzana y Canela<\/strong><\/p>\n\n\n\n<p class=\"has-text-align-center\">Una versi\u00f3n sin alcohol de la cl\u00e1sica sangr\u00eda, con el dulce sabor de la manzana y un toque c\u00e1lido de canela, ideal para todas las estaciones. Jugo de manzana, jugo de uva, rodajas de manzana, canela en rama<\/p>\n<\/div>\n\n\n\n<hr class=\"wp-block-separator has-text-color has-neutral-color has-alpha-channel-opacity has-neutral-background-color has-background is-style-wide\"\/>\n\n\n\n<div class=\"wp-block-group has-global-padding is-layout-constrained wp-container-core-group-is-layout-334a2726 wp-block-group-is-layout-constrained\">\n<p class=\"has-text-align-center\"><strong>Agua Fresca de Sand\u00eda y Menta<\/strong><\/p>\n\n\n\n<p class=\"has-text-align-center\">Una bebida refrescante y ligera, perfecta para calmar la sed y a\u00f1adir un toque de frescura y color a la experiencia de spa. Sand\u00eda triturada, agua, hojas de menta, jugo de lim\u00f3n.<\/p>\n<\/div>\n<\/div>\n","protected":false},"excerpt":{"rendered":"<p>Bienvenida Transformamos tus eventos en experiencias m\u00e1gicas que tu hija jam\u00e1s olvidar\u00e1. Imagina su carita de felicidad al entrar en un mundo de princesas y unicornios, rodeada de flores frescas, luces suaves y m\u00fasica encantadora. Decoraciones Nuestro servicio de decoraci\u00f3n tem\u00e1tica transforma cualquier espacio en un escenario m\u00e1gico, ya sea de princesas, unicornios o cualquier [&hellip;]<\/p>\n","protected":false},"author":1,"featured_media":0,"parent":0,"menu_order":0,"comment_status":"closed","ping_status":"closed","template":"","meta":{"footnotes":""},"class_list":["post-88","page","type-page","status-publish","hentry"],"_links":{"self":[{"href":"https:\/\/www.rentablesrd.com\/spa\/wp-json\/wp\/v2\/pages\/88","targetHints":{"allow":["GET"]}}],"collection":[{"href":"https:\/\/www.rentablesrd.com\/spa\/wp-json\/wp\/v2\/pages"}],"about":[{"href":"https:\/\/www.rentablesrd.com\/spa\/wp-json\/wp\/v2\/types\/page"}],"author":[{"embeddable":true,"href":"https:\/\/www.rentablesrd.com\/spa\/wp-json\/wp\/v2\/users\/1"}],"replies":[{"embeddable":true,"href":"https:\/\/www.rentablesrd.com\/spa\/wp-json\/wp\/v2\/comments?post=88"}],"version-history":[{"count":10,"href":"https:\/\/www.rentablesrd.com\/spa\/wp-json\/wp\/v2\/pages\/88\/revisions"}],"predecessor-version":[{"id":198,"href":"https:\/\/www.rentablesrd.com\/spa\/wp-json\/wp\/v2\/pages\/88\/revisions\/198"}],"wp:attachment":[{"href":"https:\/\/www.rentablesrd.com\/spa\/wp-json\/wp\/v2\/media?parent=88"}],"curies":[{"name":"wp","href":"https:\/\/api.w.org\/{rel}","templated":true}]}}